{"id":228,"date":"2025-03-14T12:07:11","date_gmt":"2025-03-14T11:07:11","guid":{"rendered":"https:\/\/sophie-tevenin.com\/?page_id=228"},"modified":"2025-03-27T09:54:36","modified_gmt":"2025-03-27T08:54:36","slug":"les-ateliers","status":"publish","type":"page","link":"https:\/\/sophie-tevenin.com\/index.php\/les-ateliers\/","title":{"rendered":"Les ateliers"},"content":{"rendered":"\t\t<div data-elementor-type=\"wp-page\" data-elementor-id=\"228\" class=\"elementor elementor-228\">\n\t\t\t\t<div class=\"elementor-element elementor-element-7a3fcd8 e-con-full e-flex e-con e-parent\" data-id=\"7a3fcd8\" data-element_type=\"container\" data-e-type=\"container\" data-settings=\"{&quot;background_background&quot;:&quot;slideshow&quot;,&quot;background_slideshow_gallery&quot;:[],&quot;background_slideshow_loop&quot;:&quot;yes&quot;,&quot;background_slideshow_slide_duration&quot;:5000,&quot;background_slideshow_slide_transition&quot;:&quot;fade&quot;,&quot;background_slideshow_transition_duration&quot;:500}\">\n\t\t<div class=\"elementor-element elementor-element-a65161d e-con-full e-flex e-con e-child\" data-id=\"a65161d\" data-element_type=\"container\" data-e-type=\"container\">\n\t\t\t\t<div class=\"elementor-element elementor-element-3f27f21 elementor-widget elementor-widget-image\" data-id=\"3f27f21\" data-element_type=\"widget\" data-e-type=\"widget\" data-widget_type=\"image.default\">\n\t\t\t\t<div class=\"elementor-widget-container\">\n\t\t\t\t\t\t\t\t\t\t\t\t\t\t\t<img fetchpriority=\"high\" decoding=\"async\" width=\"1000\" height=\"667\" src=\"https:\/\/sophie-tevenin.com\/wp-content\/uploads\/2025\/03\/pink-ribbon-in-support-of-breast-cancer-world-can-2025-01-09-05-46-04-utc.png\" class=\"attachment-full size-full wp-image-244\" alt=\"\" srcset=\"https:\/\/sophie-tevenin.com\/wp-content\/uploads\/2025\/03\/pink-ribbon-in-support-of-breast-cancer-world-can-2025-01-09-05-46-04-utc.png 1000w, https:\/\/sophie-tevenin.com\/wp-content\/uploads\/2025\/03\/pink-ribbon-in-support-of-breast-cancer-world-can-2025-01-09-05-46-04-utc-300x200.png 300w, https:\/\/sophie-tevenin.com\/wp-content\/uploads\/2025\/03\/pink-ribbon-in-support-of-breast-cancer-world-can-2025-01-09-05-46-04-utc-768x512.png 768w, https:\/\/sophie-tevenin.com\/wp-content\/uploads\/2025\/03\/pink-ribbon-in-support-of-breast-cancer-world-can-2025-01-09-05-46-04-utc-930x620.png 930w\" sizes=\"(max-width: 1000px) 100vw, 1000px\" \/>\t\t\t\t\t\t\t\t\t\t\t\t\t\t\t<\/div>\n\t\t\t\t<\/div>\n\t\t\t\t<div class=\"elementor-element elementor-element-e0cd807 elementor-widget elementor-widget-heading\" data-id=\"e0cd807\" data-element_type=\"widget\" data-e-type=\"widget\" data-widget_type=\"heading.default\">\n\t\t\t\t<div class=\"elementor-widget-container\">\n\t\t\t\t\t<h2 class=\"elementor-heading-title elementor-size-default\">Ateliers de sensibilisation aux probl\u00e8mes de sant\u00e9, pr\u00e9vention<\/h2>\t\t\t\t<\/div>\n\t\t\t\t<\/div>\n\t\t\t\t<div class=\"elementor-element elementor-element-7a598af elementor-widget elementor-widget-text-editor\" data-id=\"7a598af\" data-element_type=\"widget\" data-e-type=\"widget\" data-widget_type=\"text-editor.default\">\n\t\t\t\t<div class=\"elementor-widget-container\">\n\t\t\t\t\t\t\t\t\t<p>\u00a0 \u00a0 \u00a0 \u00a0 \u00a0 Les entreprises qui investissent dans le <strong>bien-\u00eatre<\/strong> de leurs salari\u00e9s sont per\u00e7ues de mani\u00e8re positive. Les <strong>ateliers de sensibilisation<\/strong> aux probl\u00e8mes de sant\u00e9, jouent un r\u00f4le crucial pour <strong>informer<\/strong>, <strong>inspirer<\/strong> et <strong>encourager<\/strong> les comportements sains.<\/p>\t\t\t\t\t\t\t\t<\/div>\n\t\t\t\t<\/div>\n\t\t\t\t<div class=\"elementor-element elementor-element-7494ba2 elementor-widget elementor-widget-heading\" data-id=\"7494ba2\" data-element_type=\"widget\" data-e-type=\"widget\" data-widget_type=\"heading.default\">\n\t\t\t\t<div class=\"elementor-widget-container\">\n\t\t\t\t\t<h2 class=\"elementor-heading-title elementor-size-default\">Lors d\u2019une premi\u00e8re rencontre\u00a0:<\/h2>\t\t\t\t<\/div>\n\t\t\t\t<\/div>\n\t\t\t\t<div class=\"elementor-element elementor-element-37afc9e elementor-widget elementor-widget-text-editor\" data-id=\"37afc9e\" data-element_type=\"widget\" data-e-type=\"widget\" data-widget_type=\"text-editor.default\">\n\t\t\t\t<div class=\"elementor-widget-container\">\n\t\t\t\t\t\t\t\t\t<ul><li>D\u00e9finition de l\u2019objectif de l\u2019atelier, analyse des besoins, proposition du th\u00e8me et de la dur\u00e9e (\u00e0 partir d\u2019une heure trente), choix de l\u2019entreprise.<\/li><li>D\u00e9finition du public cibl\u00e9 afin d\u2019adapter au mieux un contenu scientifique, la compr\u00e9hension, et de r\u00e9pondre aux pr\u00e9occupations et attentes de l\u2019entreprise et des participants<\/li><li>Proposition d\u2019un contenu interactif et pratique \u00e0 partir de t\u00e9moignages, et conseils<\/li><li>\u00c9valuation des informations retenues et des pratiques<\/li><\/ul>\t\t\t\t\t\t\t\t<\/div>\n\t\t\t\t<\/div>\n\t\t\t\t<div class=\"elementor-element elementor-element-1be8b9b elementor-widget elementor-widget-heading\" data-id=\"1be8b9b\" data-element_type=\"widget\" data-e-type=\"widget\" data-widget_type=\"heading.default\">\n\t\t\t\t<div class=\"elementor-widget-container\">\n\t\t\t\t\t<h2 class=\"elementor-heading-title elementor-size-default\">Exemples de th\u00e9matiques :<\/h2>\t\t\t\t<\/div>\n\t\t\t\t<\/div>\n\t\t\t\t<div class=\"elementor-element elementor-element-4af7f5e elementor-widget elementor-widget-text-editor\" data-id=\"4af7f5e\" data-element_type=\"widget\" data-e-type=\"widget\" data-widget_type=\"text-editor.default\">\n\t\t\t\t<div class=\"elementor-widget-container\">\n\t\t\t\t\t\t\t\t\t<ul><li>Pr\u00e9vention des risques cardio-vasculaires<\/li><li>Gestion du stress et de l\u2019\u00e9puisement professionnel<\/li><li>Lutte contre le tabac et sensibilisation aux cancers<\/li><li>Hygi\u00e8ne de vie et \u00e9quilibre alimentaire&#8230;<\/li><li>Ateliers interactifs bas\u00e9s sur l\u2019exp\u00e9rience et l\u2019\u00e9change<\/li><li>Contenu adapt\u00e9 aux besoins sp\u00e9cifiques des entreprises<\/li><\/ul>\t\t\t\t\t\t\t\t<\/div>\n\t\t\t\t<\/div>\n\t\t\t\t<div class=\"elementor-element elementor-element-9dfef5b elementor-widget elementor-widget-heading\" data-id=\"9dfef5b\" data-element_type=\"widget\" data-e-type=\"widget\" data-widget_type=\"heading.default\">\n\t\t\t\t<div class=\"elementor-widget-container\">\n\t\t\t\t\t<h2 class=\"elementor-heading-title elementor-size-default\">Formats :<\/h2>\t\t\t\t<\/div>\n\t\t\t\t<\/div>\n\t\t\t\t<div class=\"elementor-element elementor-element-bb10c44 elementor-widget elementor-widget-text-editor\" data-id=\"bb10c44\" data-element_type=\"widget\" data-e-type=\"widget\" data-widget_type=\"text-editor.default\">\n\t\t\t\t<div class=\"elementor-widget-container\">\n\t\t\t\t\t\t\t\t\t<p>\ud83d\udd66 \u00c0 partir d\u2019une heure trente.<\/p>\t\t\t\t\t\t\t\t<\/div>\n\t\t\t\t<\/div>\n\t\t\t\t<\/div>\n\t\t\t\t<\/div>\n\t\t\t\t<\/div>\n\t\t","protected":false},"excerpt":{"rendered":"<p>Ateliers de sensibilisation aux probl\u00e8mes de sant\u00e9, pr\u00e9vention \u00a0 \u00a0 \u00a0 \u00a0 \u00a0 Les entreprises qui investissent dans le bien-\u00eatre de leurs salari\u00e9s sont per\u00e7ues de mani\u00e8re positive. Les ateliers de sensibilisation aux probl\u00e8mes de sant\u00e9, jouent un r\u00f4le crucial pour informer, inspirer et encourager les comportements sains. Lors d\u2019une premi\u00e8re rencontre\u00a0: D\u00e9finition de l\u2019objectif&hellip;&nbsp;<a href=\"https:\/\/sophie-tevenin.com\/index.php\/les-ateliers\/\" rel=\"bookmark\"><span class=\"screen-reader-text\">Les ateliers<\/span><\/a><\/p>\n","protected":false},"author":1,"featured_media":0,"parent":0,"menu_order":0,"comment_status":"closed","ping_status":"closed","template":"page-templates\/template-pagebuilder-full-width.php","meta":{"neve_meta_sidebar":"","neve_meta_container":"","neve_meta_enable_content_width":"","neve_meta_content_width":0,"neve_meta_title_alignment":"","neve_meta_author_avatar":"","neve_post_elements_order":"","neve_meta_disable_header":"","neve_meta_disable_footer":"","neve_meta_disable_title":"","footnotes":""},"class_list":["post-228","page","type-page","status-publish","hentry"],"yoast_head":"<!-- This site is optimized with the Yoast SEO plugin v27.4 - https:\/\/yoast.com\/product\/yoast-seo-wordpress\/ -->\n<title>Les ateliers - Sophie Tevenin<\/title>\n<meta name=\"robots\" content=\"index, follow, max-snippet:-1, max-image-preview:large, max-video-preview:-1\" \/>\n<link rel=\"canonical\" href=\"https:\/\/sophie-tevenin.com\/index.php\/les-ateliers\/\" \/>\n<meta property=\"og:locale\" content=\"en_US\" \/>\n<meta property=\"og:type\" content=\"article\" \/>\n<meta property=\"og:title\" content=\"Les ateliers - Sophie Tevenin\" \/>\n<meta property=\"og:description\" content=\"Ateliers de sensibilisation aux probl\u00e8mes de sant\u00e9, pr\u00e9vention \u00a0 \u00a0 \u00a0 \u00a0 \u00a0 Les entreprises qui investissent dans le bien-\u00eatre de leurs salari\u00e9s sont per\u00e7ues de mani\u00e8re positive. Les ateliers de sensibilisation aux probl\u00e8mes de sant\u00e9, jouent un r\u00f4le crucial pour informer, inspirer et encourager les comportements sains. Lors d\u2019une premi\u00e8re rencontre\u00a0: D\u00e9finition de l\u2019objectif&hellip;&nbsp;Les ateliers\" \/>\n<meta property=\"og:url\" content=\"https:\/\/sophie-tevenin.com\/index.php\/les-ateliers\/\" \/>\n<meta property=\"og:site_name\" content=\"Sophie Tevenin\" \/>\n<meta property=\"article:modified_time\" content=\"2025-03-27T08:54:36+00:00\" \/>\n<meta property=\"og:image\" content=\"http:\/\/sophie-tevenin.com\/wp-content\/uploads\/2025\/03\/pink-ribbon-in-support-of-breast-cancer-world-can-2025-01-09-05-46-04-utc.png\" \/>\n<meta name=\"twitter:card\" content=\"summary_large_image\" \/>\n<meta name=\"twitter:label1\" content=\"Est. reading time\" \/>\n\t<meta name=\"twitter:data1\" content=\"2 minutes\" \/>\n<script type=\"application\/ld+json\" class=\"yoast-schema-graph\">{\"@context\":\"https:\\\/\\\/schema.org\",\"@graph\":[{\"@type\":\"WebPage\",\"@id\":\"https:\\\/\\\/sophie-tevenin.com\\\/index.php\\\/les-ateliers\\\/\",\"url\":\"https:\\\/\\\/sophie-tevenin.com\\\/index.php\\\/les-ateliers\\\/\",\"name\":\"Les ateliers - Sophie Tevenin\",\"isPartOf\":{\"@id\":\"https:\\\/\\\/sophie-tevenin.com\\\/#website\"},\"primaryImageOfPage\":{\"@id\":\"https:\\\/\\\/sophie-tevenin.com\\\/index.php\\\/les-ateliers\\\/#primaryimage\"},\"image\":{\"@id\":\"https:\\\/\\\/sophie-tevenin.com\\\/index.php\\\/les-ateliers\\\/#primaryimage\"},\"thumbnailUrl\":\"http:\\\/\\\/sophie-tevenin.com\\\/wp-content\\\/uploads\\\/2025\\\/03\\\/pink-ribbon-in-support-of-breast-cancer-world-can-2025-01-09-05-46-04-utc.png\",\"datePublished\":\"2025-03-14T11:07:11+00:00\",\"dateModified\":\"2025-03-27T08:54:36+00:00\",\"breadcrumb\":{\"@id\":\"https:\\\/\\\/sophie-tevenin.com\\\/index.php\\\/les-ateliers\\\/#breadcrumb\"},\"inLanguage\":\"en-US\",\"potentialAction\":[{\"@type\":\"ReadAction\",\"target\":[\"https:\\\/\\\/sophie-tevenin.com\\\/index.php\\\/les-ateliers\\\/\"]}]},{\"@type\":\"ImageObject\",\"inLanguage\":\"en-US\",\"@id\":\"https:\\\/\\\/sophie-tevenin.com\\\/index.php\\\/les-ateliers\\\/#primaryimage\",\"url\":\"https:\\\/\\\/sophie-tevenin.com\\\/wp-content\\\/uploads\\\/2025\\\/03\\\/pink-ribbon-in-support-of-breast-cancer-world-can-2025-01-09-05-46-04-utc.png\",\"contentUrl\":\"https:\\\/\\\/sophie-tevenin.com\\\/wp-content\\\/uploads\\\/2025\\\/03\\\/pink-ribbon-in-support-of-breast-cancer-world-can-2025-01-09-05-46-04-utc.png\",\"width\":1000,\"height\":667},{\"@type\":\"BreadcrumbList\",\"@id\":\"https:\\\/\\\/sophie-tevenin.com\\\/index.php\\\/les-ateliers\\\/#breadcrumb\",\"itemListElement\":[{\"@type\":\"ListItem\",\"position\":1,\"name\":\"Accueil\",\"item\":\"https:\\\/\\\/sophie-tevenin.com\\\/\"},{\"@type\":\"ListItem\",\"position\":2,\"name\":\"Les ateliers\"}]},{\"@type\":\"WebSite\",\"@id\":\"https:\\\/\\\/sophie-tevenin.com\\\/#website\",\"url\":\"https:\\\/\\\/sophie-tevenin.com\\\/\",\"name\":\"Sophie Tevenin\",\"description\":\"Formatrice \u2013 coach certifi\u00e9e\",\"publisher\":{\"@id\":\"https:\\\/\\\/sophie-tevenin.com\\\/#organization\"},\"potentialAction\":[{\"@type\":\"SearchAction\",\"target\":{\"@type\":\"EntryPoint\",\"urlTemplate\":\"https:\\\/\\\/sophie-tevenin.com\\\/?s={search_term_string}\"},\"query-input\":{\"@type\":\"PropertyValueSpecification\",\"valueRequired\":true,\"valueName\":\"search_term_string\"}}],\"inLanguage\":\"en-US\"},{\"@type\":\"Organization\",\"@id\":\"https:\\\/\\\/sophie-tevenin.com\\\/#organization\",\"name\":\"Sophie Tevenin\",\"url\":\"https:\\\/\\\/sophie-tevenin.com\\\/\",\"logo\":{\"@type\":\"ImageObject\",\"inLanguage\":\"en-US\",\"@id\":\"https:\\\/\\\/sophie-tevenin.com\\\/#\\\/schema\\\/logo\\\/image\\\/\",\"url\":\"https:\\\/\\\/sophie-tevenin.com\\\/wp-content\\\/uploads\\\/2025\\\/03\\\/logo-sophie-100px.png\",\"contentUrl\":\"https:\\\/\\\/sophie-tevenin.com\\\/wp-content\\\/uploads\\\/2025\\\/03\\\/logo-sophie-100px.png\",\"width\":351,\"height\":101,\"caption\":\"Sophie Tevenin\"},\"image\":{\"@id\":\"https:\\\/\\\/sophie-tevenin.com\\\/#\\\/schema\\\/logo\\\/image\\\/\"}}]}<\/script>\n<!-- \/ Yoast SEO plugin. -->","yoast_head_json":{"title":"Les ateliers - Sophie Tevenin","robots":{"index":"index","follow":"follow","max-snippet":"max-snippet:-1","max-image-preview":"max-image-preview:large","max-video-preview":"max-video-preview:-1"},"canonical":"https:\/\/sophie-tevenin.com\/index.php\/les-ateliers\/","og_locale":"en_US","og_type":"article","og_title":"Les ateliers - Sophie Tevenin","og_description":"Ateliers de sensibilisation aux probl\u00e8mes de sant\u00e9, pr\u00e9vention \u00a0 \u00a0 \u00a0 \u00a0 \u00a0 Les entreprises qui investissent dans le bien-\u00eatre de leurs salari\u00e9s sont per\u00e7ues de mani\u00e8re positive. Les ateliers de sensibilisation aux probl\u00e8mes de sant\u00e9, jouent un r\u00f4le crucial pour informer, inspirer et encourager les comportements sains. Lors d\u2019une premi\u00e8re rencontre\u00a0: D\u00e9finition de l\u2019objectif&hellip;&nbsp;Les ateliers","og_url":"https:\/\/sophie-tevenin.com\/index.php\/les-ateliers\/","og_site_name":"Sophie Tevenin","article_modified_time":"2025-03-27T08:54:36+00:00","og_image":[{"url":"http:\/\/sophie-tevenin.com\/wp-content\/uploads\/2025\/03\/pink-ribbon-in-support-of-breast-cancer-world-can-2025-01-09-05-46-04-utc.png","type":"","width":"","height":""}],"twitter_card":"summary_large_image","twitter_misc":{"Est. reading time":"2 minutes"},"schema":{"@context":"https:\/\/schema.org","@graph":[{"@type":"WebPage","@id":"https:\/\/sophie-tevenin.com\/index.php\/les-ateliers\/","url":"https:\/\/sophie-tevenin.com\/index.php\/les-ateliers\/","name":"Les ateliers - Sophie Tevenin","isPartOf":{"@id":"https:\/\/sophie-tevenin.com\/#website"},"primaryImageOfPage":{"@id":"https:\/\/sophie-tevenin.com\/index.php\/les-ateliers\/#primaryimage"},"image":{"@id":"https:\/\/sophie-tevenin.com\/index.php\/les-ateliers\/#primaryimage"},"thumbnailUrl":"http:\/\/sophie-tevenin.com\/wp-content\/uploads\/2025\/03\/pink-ribbon-in-support-of-breast-cancer-world-can-2025-01-09-05-46-04-utc.png","datePublished":"2025-03-14T11:07:11+00:00","dateModified":"2025-03-27T08:54:36+00:00","breadcrumb":{"@id":"https:\/\/sophie-tevenin.com\/index.php\/les-ateliers\/#breadcrumb"},"inLanguage":"en-US","potentialAction":[{"@type":"ReadAction","target":["https:\/\/sophie-tevenin.com\/index.php\/les-ateliers\/"]}]},{"@type":"ImageObject","inLanguage":"en-US","@id":"https:\/\/sophie-tevenin.com\/index.php\/les-ateliers\/#primaryimage","url":"https:\/\/sophie-tevenin.com\/wp-content\/uploads\/2025\/03\/pink-ribbon-in-support-of-breast-cancer-world-can-2025-01-09-05-46-04-utc.png","contentUrl":"https:\/\/sophie-tevenin.com\/wp-content\/uploads\/2025\/03\/pink-ribbon-in-support-of-breast-cancer-world-can-2025-01-09-05-46-04-utc.png","width":1000,"height":667},{"@type":"BreadcrumbList","@id":"https:\/\/sophie-tevenin.com\/index.php\/les-ateliers\/#breadcrumb","itemListElement":[{"@type":"ListItem","position":1,"name":"Accueil","item":"https:\/\/sophie-tevenin.com\/"},{"@type":"ListItem","position":2,"name":"Les ateliers"}]},{"@type":"WebSite","@id":"https:\/\/sophie-tevenin.com\/#website","url":"https:\/\/sophie-tevenin.com\/","name":"Sophie Tevenin","description":"Formatrice \u2013 coach certifi\u00e9e","publisher":{"@id":"https:\/\/sophie-tevenin.com\/#organization"},"potentialAction":[{"@type":"SearchAction","target":{"@type":"EntryPoint","urlTemplate":"https:\/\/sophie-tevenin.com\/?s={search_term_string}"},"query-input":{"@type":"PropertyValueSpecification","valueRequired":true,"valueName":"search_term_string"}}],"inLanguage":"en-US"},{"@type":"Organization","@id":"https:\/\/sophie-tevenin.com\/#organization","name":"Sophie Tevenin","url":"https:\/\/sophie-tevenin.com\/","logo":{"@type":"ImageObject","inLanguage":"en-US","@id":"https:\/\/sophie-tevenin.com\/#\/schema\/logo\/image\/","url":"https:\/\/sophie-tevenin.com\/wp-content\/uploads\/2025\/03\/logo-sophie-100px.png","contentUrl":"https:\/\/sophie-tevenin.com\/wp-content\/uploads\/2025\/03\/logo-sophie-100px.png","width":351,"height":101,"caption":"Sophie Tevenin"},"image":{"@id":"https:\/\/sophie-tevenin.com\/#\/schema\/logo\/image\/"}}]}},"_links":{"self":[{"href":"https:\/\/sophie-tevenin.com\/index.php\/wp-json\/wp\/v2\/pages\/228","targetHints":{"allow":["GET"]}}],"collection":[{"href":"https:\/\/sophie-tevenin.com\/index.php\/wp-json\/wp\/v2\/pages"}],"about":[{"href":"https:\/\/sophie-tevenin.com\/index.php\/wp-json\/wp\/v2\/types\/page"}],"author":[{"embeddable":true,"href":"https:\/\/sophie-tevenin.com\/index.php\/wp-json\/wp\/v2\/users\/1"}],"replies":[{"embeddable":true,"href":"https:\/\/sophie-tevenin.com\/index.php\/wp-json\/wp\/v2\/comments?post=228"}],"version-history":[{"count":22,"href":"https:\/\/sophie-tevenin.com\/index.php\/wp-json\/wp\/v2\/pages\/228\/revisions"}],"predecessor-version":[{"id":282,"href":"https:\/\/sophie-tevenin.com\/index.php\/wp-json\/wp\/v2\/pages\/228\/revisions\/282"}],"wp:attachment":[{"href":"https:\/\/sophie-tevenin.com\/index.php\/wp-json\/wp\/v2\/media?parent=228"}],"curies":[{"name":"wp","href":"https:\/\/api.w.org\/{rel}","templated":true}]}}